{"id":832,"date":"2017-07-17T09:43:46","date_gmt":"2017-07-17T08:43:46","guid":{"rendered":"http:\/\/www.actcursus.nl\/?page_id=832"},"modified":"2025-12-24T12:34:31","modified_gmt":"2025-12-24T11:34:31","slug":"nederlandstalige-blogs","status":"publish","type":"page","link":"https:\/\/www.actcursus.nl\/?page_id=832","title":{"rendered":"Nederlandstalige blogs"},"content":{"rendered":"<p>We hopen je te inspireren met onze blogs<\/p>\n<p><a href=\"https:\/\/www.actcursus.nl\/wp-content\/uploads\/2025\/12\/Kerstgedachten.docx\">Kerstgedachten van Jacqueline 2025<\/a><\/p>\n<p><a href=\"https:\/\/www.actcursus.nl\/wp-content\/uploads\/2024\/03\/Ze-vinden-het-altijd-spannend.pdf\">Ze vinden het altijd spannend<\/a><\/p>\n<p><a href=\"https:\/\/www.actcursus.nl\/wp-content\/uploads\/2023\/07\/Procesgericht-werken-met-ACT-wat-is-dat.docx\">Procesgericht werken met ACT &#8211; wat is dat?<\/a><\/p>\n<p><a href=\"https:\/\/www.actcursus.nl\/wp-content\/uploads\/2022\/11\/Omgaan-met-lastige-situaties-in-een-ACT-groep.docx\">Omgaan met lastige situaties in een ACT groep<\/a><\/p>\n<p><a href=\"https:\/\/www.actcursus.nl\/wp-content\/uploads\/2022\/08\/Het-opbouwen-van-mindfulness-vaardigheden-en-perspectief-name.docx\">Het opbouwen van mindfulness vaardigheden en perspectief name<\/a><\/p>\n<p><a href=\"https:\/\/www.actcursus.nl\/wp-content\/uploads\/2020\/07\/Doe-ik-ACT.docx\">Doe ik ACT<\/a><\/p>\n<p><a href=\"https:\/\/www.actcursus.nl\/wp-content\/uploads\/2020\/05\/Wat-je-jezelf-geeft-met-ver-geving.docx\">Wat je jezelf geeft met ver-geving<\/a><\/p>\n<p><a href=\"https:\/\/www.actcursus.nl\/wp-content\/uploads\/2020\/04\/Aardig-voor-jezelf-zijn-als-de-stress-hoog-is.docx\">Aardig voor jezelf zijn als de stress hoog is<\/a><\/p>\n<p><a href=\"https:\/\/www.actcursus.nl\/?attachment_id=1486\" rel=\"attachment wp-att-1486\">Misverstanden over creatieve hopeloosheid<\/a><\/p>\n<p><a href=\"https:\/\/www.actcursus.nl\/wp-content\/uploads\/2017\/07\/Van-casusconceptualisatie-tot-behandelplan.docx\">Van casusconceptualisatie tot behandelplan<\/a><\/p>\n<p><a href=\"https:\/\/www.actcursus.nl\/wp-content\/uploads\/2019\/05\/Erbij-horen-of-verbinding-maken.docx\">Erbij horen of verbinding maken<\/a><\/p>\n<p><a href=\"https:\/\/www.actcursus.nl\/wp-content\/uploads\/2019\/04\/Zes-processen-een-proces.docx\">Zes processen &#8211; een proces<\/a><\/p>\n<p><a title=\"Omgaan met gedachten\" href=\"https:\/\/www.actcursus.nl\/?page_id=1319\">Omgaan met gedachten<\/a><\/p>\n<p><a title=\"What\u2019s in a name? Creatieve Hulpeloosheid of Hopeloosheid?\" href=\"https:\/\/www.actcursus.nl\/?page_id=1274\">What\u2019s in a name? Creatieve Hulpeloosheid of Hopeloosheid?<\/a><\/p>\n<p><a title=\"Het verleden bestaat niet, maar is wel belangrijk\" href=\"https:\/\/www.actcursus.nl\/?page_id=1261\">Het verleden bestaat niet, maar is wel belangrijk<\/a><\/p>\n<p><a title=\"Verantwoordelijk zijn of verantwoordelijkheid nemen?\" href=\"https:\/\/www.actcursus.nl\/?page_id=858\">Verantwoordelijk zijn of verantwoordelijkheid nemen?<\/a><\/p>\n<p><a title=\"ACT en het multidisciplinaire team\" href=\"https:\/\/www.actcursus.nl\/?page_id=748\">ACT en het multidisciplinaire team<\/a><\/p>\n<p><a title=\"ACT v\u00f3\u00f3rdoen, ACT v\u00f3\u00f3rleven\" href=\"https:\/\/www.actcursus.nl\/?page_id=629\">ACT v\u00f3\u00f3rdoen, ACT v\u00f3\u00f3rleven<\/a><\/p>\n<p><a title=\"Fouten maken\" href=\"https:\/\/www.actcursus.nl\/?page_id=625\">Fouten maken<\/a><\/p>\n<p><a title=\"Gewoonten veranderen\" href=\"https:\/\/www.actcursus.nl\/?page_id=728\">Gewoonten veranderen<\/a><\/p>\n<p><a title=\"Goede voornemens\" href=\"https:\/\/www.actcursus.nl\/?page_id=697\">Goede voornemens<\/a><\/p>\n<p><a title=\"Lijden aan een stoornis of het leven leven?\" href=\"https:\/\/www.actcursus.nl\/?page_id=821\">Lijden aan een stoornis of het leven leven?\u00a0<\/a><\/p>\n<p><a title=\"Wat is de meerwaarde van ACT als je al CGT doet?\" href=\"https:\/\/www.actcursus.nl\/?page_id=596\">Wat is de meerwaarde van ACT als je al CGT doet?<\/a><\/p>\n<p><a title=\"Zweven of sturen?\" href=\"https:\/\/www.actcursus.nl\/?page_id=785\">Zweven of sturen?<\/a><\/p>\n<p><a href=\"https:\/\/www.actcursus.nl\/wp-content\/uploads\/2019\/01\/Het-is-niet-moeilijk-om-goede-voornemens-te-hebben.docx\">Het is niet moeilijk om goede voornemens te hebben<\/a><\/p>\n\n\n<p><\/p>\n","protected":false},"excerpt":{"rendered":"<p>We hopen je te inspireren met onze blogs Kerstgedachten van Jacqueline 2025 Ze vinden het altijd spannend Procesgericht werken met ACT &#8211; wat is dat? Omgaan met lastige situaties in een ACT groep Het opbouwen van mindfulness vaardigheden en perspectief name Doe ik ACT Wat je jezelf geeft met ver-geving Aardig voor jezelf zijn als [&hellip;]<\/p>\n","protected":false},"author":1,"featured_media":0,"parent":0,"menu_order":0,"comment_status":"closed","ping_status":"closed","template":"","meta":{"footnotes":""},"class_list":["post-832","page","type-page","status-publish","hentry"],"_links":{"self":[{"href":"https:\/\/www.actcursus.nl\/index.php?rest_route=\/wp\/v2\/pages\/832","targetHints":{"allow":["GET"]}}],"collection":[{"href":"https:\/\/www.actcursus.nl\/index.php?rest_route=\/wp\/v2\/pages"}],"about":[{"href":"https:\/\/www.actcursus.nl\/index.php?rest_route=\/wp\/v2\/types\/page"}],"author":[{"embeddable":true,"href":"https:\/\/www.actcursus.nl\/index.php?rest_route=\/wp\/v2\/users\/1"}],"replies":[{"embeddable":true,"href":"https:\/\/www.actcursus.nl\/index.php?rest_route=%2Fwp%2Fv2%2Fcomments&post=832"}],"version-history":[{"count":26,"href":"https:\/\/www.actcursus.nl\/index.php?rest_route=\/wp\/v2\/pages\/832\/revisions"}],"predecessor-version":[{"id":3578,"href":"https:\/\/www.actcursus.nl\/index.php?rest_route=\/wp\/v2\/pages\/832\/revisions\/3578"}],"wp:attachment":[{"href":"https:\/\/www.actcursus.nl\/index.php?rest_route=%2Fwp%2Fv2%2Fmedia&parent=832"}],"curies":[{"name":"wp","href":"https:\/\/api.w.org\/{rel}","templated":true}]}}